{"id":454,"date":"2023-10-30T11:05:12","date_gmt":"2023-10-30T10:05:12","guid":{"rendered":"http:\/\/palocfarkasok.hu\/?page_id=454"},"modified":"2024-01-17T09:03:26","modified_gmt":"2024-01-17T08:03:26","slug":"bse-paloc-farkasok","status":"publish","type":"page","link":"http:\/\/palocfarkasok.hu\/?page_id=454","title":{"rendered":"BSE\u00a0Pal\u00f3c\u00a0Farkasok"},"content":{"rendered":"\t\t<div data-elementor-type=\"wp-page\" data-elementor-id=\"454\" class=\"elementor elementor-454\">\n\t\t\t\t<div class=\"elementor-element elementor-element-3f759186 e-flex e-con-boxed e-con e-parent\" data-id=\"3f759186\" data-element_type=\"container\">\n\t\t\t\t\t<div class=\"e-con-inner\">\n\t\t\t\t<div class=\"elementor-element elementor-element-65de1221 elementor-view-default elementor-widget elementor-widget-icon\" data-id=\"65de1221\" data-element_type=\"widget\" data-widget_type=\"icon.default\">\n\t\t\t\t<div class=\"elementor-widget-container\">\n\t\t\t\t\t<div class=\"elementor-icon-wrapper\">\n\t\t\t<div class=\"elementor-icon\">\n\t\t\t<svg aria-hidden=\"true\" class=\"e-font-icon-svg e-fas-user\" viewBox=\"0 0 448 512\" xmlns=\"http:\/\/www.w3.org\/2000\/svg\"><path d=\"M224 256c70.7 0 128-57.3 128-128S294.7 0 224 0 96 57.3 96 128s57.3 128 128 128zm89.6 32h-16.7c-22.2 10.2-46.9 16-72.9 16s-50.6-5.8-72.9-16h-16.7C60.2 288 0 348.2 0 422.4V464c0 26.5 21.5 48 48 48h352c26.5 0 48-21.5 48-48v-41.6c0-74.2-60.2-134.4-134.4-134.4z\"><\/path><\/svg>\t\t\t<\/div>\n\t\t<\/div>\n\t\t\t\t<\/div>\n\t\t\t\t<\/div>\n\t\t\t\t<div class=\"elementor-element elementor-element-ece5647 elementor-widget elementor-widget-heading\" data-id=\"ece5647\" data-element_type=\"widget\" data-widget_type=\"heading.default\">\n\t\t\t\t<div class=\"elementor-widget-container\">\n\t\t\t<h2 class=\"elementor-heading-title elementor-size-default\">ELN\u00d6K<\/h2>\t\t<\/div>\n\t\t\t\t<\/div>\n\t\t\t\t<div class=\"elementor-element elementor-element-d9dfb64 elementor-widget elementor-widget-heading\" data-id=\"d9dfb64\" data-element_type=\"widget\" data-widget_type=\"heading.default\">\n\t\t\t\t<div class=\"elementor-widget-container\">\n\t\t\t<h2 class=\"elementor-heading-title elementor-size-default\">Klinger Attila<\/h2>\t\t<\/div>\n\t\t\t\t<\/div>\n\t\t\t\t<div class=\"elementor-element elementor-element-3d785a0 elementor-align-center elementor-list-item-link-full_width elementor-widget elementor-widget-icon-list\" data-id=\"3d785a0\" data-element_type=\"widget\" data-widget_type=\"icon-list.default\">\n\t\t\t\t<div class=\"elementor-widget-container\">\n\t\t\t\t\t<ul class=\"elementor-icon-list-items\">\n\t\t\t\t\t\t\t<li class=\"elementor-icon-list-item\">\n\t\t\t\t\t\t\t\t\t\t\t<span class=\"elementor-icon-list-icon\">\n\t\t\t\t\t\t\t<svg aria-hidden=\"true\" class=\"e-font-icon-svg e-far-envelope\" viewBox=\"0 0 512 512\" xmlns=\"http:\/\/www.w3.org\/2000\/svg\"><path d=\"M464 64H48C21.49 64 0 85.49 0 112v288c0 26.51 21.49 48 48 48h416c26.51 0 48-21.49 48-48V112c0-26.51-21.49-48-48-48zm0 48v40.805c-22.422 18.259-58.168 46.651-134.587 106.49-16.841 13.247-50.201 45.072-73.413 44.701-23.208.375-56.579-31.459-73.413-44.701C106.18 199.465 70.425 171.067 48 152.805V112h416zM48 400V214.398c22.914 18.251 55.409 43.862 104.938 82.646 21.857 17.205 60.134 55.186 103.062 54.955 42.717.231 80.509-37.199 103.053-54.947 49.528-38.783 82.032-64.401 104.947-82.653V400H48z\"><\/path><\/svg>\t\t\t\t\t\t<\/span>\n\t\t\t\t\t\t\t\t\t\t<span class=\"elementor-icon-list-text\">bsepalocfarkasok@gmail.com<\/span>\n\t\t\t\t\t\t\t\t\t<\/li>\n\t\t\t\t\t\t<\/ul>\n\t\t\t\t<\/div>\n\t\t\t\t<\/div>\n\t\t\t\t\t<\/div>\n\t\t\t\t<\/div>\n\t\t<div class=\"elementor-element elementor-element-b81e7b6 e-flex e-con-boxed e-con e-parent\" data-id=\"b81e7b6\" data-element_type=\"container\">\n\t\t\t\t\t<div class=\"e-con-inner\">\n\t\t\t\t<div class=\"elementor-element elementor-element-bdd896c elementor-widget-divider--view-line elementor-widget elementor-widget-divider\" data-id=\"bdd896c\" data-element_type=\"widget\" data-widget_type=\"divider.default\">\n\t\t\t\t<div class=\"elementor-widget-container\">\n\t\t\t\t\t<div class=\"elementor-divider\">\n\t\t\t<span class=\"elementor-divider-separator\">\n\t\t\t\t\t\t<\/span>\n\t\t<\/div>\n\t\t\t\t<\/div>\n\t\t\t\t<\/div>\n\t\t\t\t<div class=\"elementor-element elementor-element-815701d elementor-view-default elementor-widget elementor-widget-icon\" data-id=\"815701d\" data-element_type=\"widget\" data-widget_type=\"icon.default\">\n\t\t\t\t<div class=\"elementor-widget-container\">\n\t\t\t\t\t<div class=\"elementor-icon-wrapper\">\n\t\t\t<div class=\"elementor-icon\">\n\t\t\t<svg aria-hidden=\"true\" class=\"e-font-icon-svg e-fas-user\" viewBox=\"0 0 448 512\" xmlns=\"http:\/\/www.w3.org\/2000\/svg\"><path d=\"M224 256c70.7 0 128-57.3 128-128S294.7 0 224 0 96 57.3 96 128s57.3 128 128 128zm89.6 32h-16.7c-22.2 10.2-46.9 16-72.9 16s-50.6-5.8-72.9-16h-16.7C60.2 288 0 348.2 0 422.4V464c0 26.5 21.5 48 48 48h352c26.5 0 48-21.5 48-48v-41.6c0-74.2-60.2-134.4-134.4-134.4z\"><\/path><\/svg>\t\t\t<\/div>\n\t\t<\/div>\n\t\t\t\t<\/div>\n\t\t\t\t<\/div>\n\t\t\t\t<div class=\"elementor-element elementor-element-73f5816 elementor-widget elementor-widget-heading\" data-id=\"73f5816\" data-element_type=\"widget\" data-widget_type=\"heading.default\">\n\t\t\t\t<div class=\"elementor-widget-container\">\n\t\t\t<h2 class=\"elementor-heading-title elementor-size-default\">Technikai Igazgat\u00f3<\/h2>\t\t<\/div>\n\t\t\t\t<\/div>\n\t\t\t\t<div class=\"elementor-element elementor-element-77edb69 elementor-widget elementor-widget-heading\" data-id=\"77edb69\" data-element_type=\"widget\" data-widget_type=\"heading.default\">\n\t\t\t\t<div class=\"elementor-widget-container\">\n\t\t\t<h2 class=\"elementor-heading-title elementor-size-default\">Jelen Istv\u00e1n<\/h2>\t\t<\/div>\n\t\t\t\t<\/div>\n\t\t\t\t<div class=\"elementor-element elementor-element-366e338 elementor-align-center elementor-list-item-link-full_width elementor-widget elementor-widget-icon-list\" data-id=\"366e338\" data-element_type=\"widget\" data-widget_type=\"icon-list.default\">\n\t\t\t\t<div class=\"elementor-widget-container\">\n\t\t\t\t\t<ul class=\"elementor-icon-list-items\">\n\t\t\t\t\t\t\t<li class=\"elementor-icon-list-item\">\n\t\t\t\t\t\t\t\t\t\t\t<span class=\"elementor-icon-list-icon\">\n\t\t\t\t\t\t\t<svg aria-hidden=\"true\" class=\"e-font-icon-svg e-fas-phone-alt\" viewBox=\"0 0 512 512\" xmlns=\"http:\/\/www.w3.org\/2000\/svg\"><path d=\"M497.39 361.8l-112-48a24 24 0 0 0-28 6.9l-49.6 60.6A370.66 370.66 0 0 1 130.6 204.11l60.6-49.6a23.94 23.94 0 0 0 6.9-28l-48-112A24.16 24.16 0 0 0 122.6.61l-104 24A24 24 0 0 0 0 48c0 256.5 207.9 464 464 464a24 24 0 0 0 23.4-18.6l24-104a24.29 24.29 0 0 0-14.01-27.6z\"><\/path><\/svg>\t\t\t\t\t\t<\/span>\n\t\t\t\t\t\t\t\t\t\t<span class=\"elementor-icon-list-text\">+36 20 403 9336<\/span>\n\t\t\t\t\t\t\t\t\t<\/li>\n\t\t\t\t\t\t\t\t<li class=\"elementor-icon-list-item\">\n\t\t\t\t\t\t\t\t\t\t\t<span class=\"elementor-icon-list-icon\">\n\t\t\t\t\t\t\t<svg aria-hidden=\"true\" class=\"e-font-icon-svg e-far-envelope\" viewBox=\"0 0 512 512\" xmlns=\"http:\/\/www.w3.org\/2000\/svg\"><path d=\"M464 64H48C21.49 64 0 85.49 0 112v288c0 26.51 21.49 48 48 48h416c26.51 0 48-21.49 48-48V112c0-26.51-21.49-48-48-48zm0 48v40.805c-22.422 18.259-58.168 46.651-134.587 106.49-16.841 13.247-50.201 45.072-73.413 44.701-23.208.375-56.579-31.459-73.413-44.701C106.18 199.465 70.425 171.067 48 152.805V112h416zM48 400V214.398c22.914 18.251 55.409 43.862 104.938 82.646 21.857 17.205 60.134 55.186 103.062 54.955 42.717.231 80.509-37.199 103.053-54.947 49.528-38.783 82.032-64.401 104.947-82.653V400H48z\"><\/path><\/svg>\t\t\t\t\t\t<\/span>\n\t\t\t\t\t\t\t\t\t\t<span class=\"elementor-icon-list-text\">istvanjelen@gmail.com<\/span>\n\t\t\t\t\t\t\t\t\t<\/li>\n\t\t\t\t\t\t<\/ul>\n\t\t\t\t<\/div>\n\t\t\t\t<\/div>\n\t\t<div class=\"elementor-element elementor-element-fa754a6 e-flex e-con-boxed e-con e-child\" data-id=\"fa754a6\" data-element_type=\"container\">\n\t\t\t\t\t<div class=\"e-con-inner\">\n\t\t\t\t<div class=\"elementor-element elementor-element-7dd77cd elementor-widget-divider--view-line elementor-widget elementor-widget-divider\" data-id=\"7dd77cd\" data-element_type=\"widget\" data-widget_type=\"divider.default\">\n\t\t\t\t<div class=\"elementor-widget-container\">\n\t\t\t\t\t<div class=\"elementor-divider\">\n\t\t\t<span class=\"elementor-divider-separator\">\n\t\t\t\t\t\t<\/span>\n\t\t<\/div>\n\t\t\t\t<\/div>\n\t\t\t\t<\/div>\n\t\t\t\t<div class=\"elementor-element elementor-element-596e219 elementor-view-default elementor-widget elementor-widget-icon\" data-id=\"596e219\" data-element_type=\"widget\" data-widget_type=\"icon.default\">\n\t\t\t\t<div class=\"elementor-widget-container\">\n\t\t\t\t\t<div class=\"elementor-icon-wrapper\">\n\t\t\t<div class=\"elementor-icon\">\n\t\t\t<svg aria-hidden=\"true\" class=\"e-font-icon-svg e-fas-user\" viewBox=\"0 0 448 512\" xmlns=\"http:\/\/www.w3.org\/2000\/svg\"><path d=\"M224 256c70.7 0 128-57.3 128-128S294.7 0 224 0 96 57.3 96 128s57.3 128 128 128zm89.6 32h-16.7c-22.2 10.2-46.9 16-72.9 16s-50.6-5.8-72.9-16h-16.7C60.2 288 0 348.2 0 422.4V464c0 26.5 21.5 48 48 48h352c26.5 0 48-21.5 48-48v-41.6c0-74.2-60.2-134.4-134.4-134.4z\"><\/path><\/svg>\t\t\t<\/div>\n\t\t<\/div>\n\t\t\t\t<\/div>\n\t\t\t\t<\/div>\n\t\t\t\t<div class=\"elementor-element elementor-element-30b0a46 elementor-widget elementor-widget-heading\" data-id=\"30b0a46\" data-element_type=\"widget\" data-widget_type=\"heading.default\">\n\t\t\t\t<div class=\"elementor-widget-container\">\n\t\t\t<h2 class=\"elementor-heading-title elementor-size-default\">Szakmai igazgat\u00f3<\/h2>\t\t<\/div>\n\t\t\t\t<\/div>\n\t\t\t\t<div class=\"elementor-element elementor-element-a7a5f40 elementor-widget elementor-widget-heading\" data-id=\"a7a5f40\" data-element_type=\"widget\" data-widget_type=\"heading.default\">\n\t\t\t\t<div class=\"elementor-widget-container\">\n\t\t\t<h2 class=\"elementor-heading-title elementor-size-default\">Magyar G\u00e1bor<\/h2>\t\t<\/div>\n\t\t\t\t<\/div>\n\t\t\t\t<div class=\"elementor-element elementor-element-c6c29c7 elementor-align-center elementor-list-item-link-full_width elementor-widget elementor-widget-icon-list\" data-id=\"c6c29c7\" data-element_type=\"widget\" data-widget_type=\"icon-list.default\">\n\t\t\t\t<div class=\"elementor-widget-container\">\n\t\t\t\t\t<ul class=\"elementor-icon-list-items\">\n\t\t\t\t\t\t\t<li class=\"elementor-icon-list-item\">\n\t\t\t\t\t\t\t\t\t\t\t<span class=\"elementor-icon-list-icon\">\n\t\t\t\t\t\t\t<svg aria-hidden=\"true\" class=\"e-font-icon-svg e-fas-phone-alt\" viewBox=\"0 0 512 512\" xmlns=\"http:\/\/www.w3.org\/2000\/svg\"><path d=\"M497.39 361.8l-112-48a24 24 0 0 0-28 6.9l-49.6 60.6A370.66 370.66 0 0 1 130.6 204.11l60.6-49.6a23.94 23.94 0 0 0 6.9-28l-48-112A24.16 24.16 0 0 0 122.6.61l-104 24A24 24 0 0 0 0 48c0 256.5 207.9 464 464 464a24 24 0 0 0 23.4-18.6l24-104a24.29 24.29 0 0 0-14.01-27.6z\"><\/path><\/svg>\t\t\t\t\t\t<\/span>\n\t\t\t\t\t\t\t\t\t\t<span class=\"elementor-icon-list-text\">+36 30 171 2601<\/span>\n\t\t\t\t\t\t\t\t\t<\/li>\n\t\t\t\t\t\t\t\t<li class=\"elementor-icon-list-item\">\n\t\t\t\t\t\t\t\t\t\t\t<span class=\"elementor-icon-list-icon\">\n\t\t\t\t\t\t\t<svg aria-hidden=\"true\" class=\"e-font-icon-svg e-far-envelope\" viewBox=\"0 0 512 512\" xmlns=\"http:\/\/www.w3.org\/2000\/svg\"><path d=\"M464 64H48C21.49 64 0 85.49 0 112v288c0 26.51 21.49 48 48 48h416c26.51 0 48-21.49 48-48V112c0-26.51-21.49-48-48-48zm0 48v40.805c-22.422 18.259-58.168 46.651-134.587 106.49-16.841 13.247-50.201 45.072-73.413 44.701-23.208.375-56.579-31.459-73.413-44.701C106.18 199.465 70.425 171.067 48 152.805V112h416zM48 400V214.398c22.914 18.251 55.409 43.862 104.938 82.646 21.857 17.205 60.134 55.186 103.062 54.955 42.717.231 80.509-37.199 103.053-54.947 49.528-38.783 82.032-64.401 104.947-82.653V400H48z\"><\/path><\/svg>\t\t\t\t\t\t<\/span>\n\t\t\t\t\t\t\t\t\t\t<span class=\"elementor-icon-list-text\">panbeal@gmail.com<\/span>\n\t\t\t\t\t\t\t\t\t<\/li>\n\t\t\t\t\t\t<\/ul>\n\t\t\t\t<\/div>\n\t\t\t\t<\/div>\n\t\t\t\t<div class=\"elementor-element elementor-element-98aa48f elementor-widget-divider--view-line elementor-widget elementor-widget-divider\" data-id=\"98aa48f\" data-element_type=\"widget\" data-widget_type=\"divider.default\">\n\t\t\t\t<div class=\"elementor-widget-container\">\n\t\t\t\t\t<div class=\"elementor-divider\">\n\t\t\t<span class=\"elementor-divider-separator\">\n\t\t\t\t\t\t<\/span>\n\t\t<\/div>\n\t\t\t\t<\/div>\n\t\t\t\t<\/div>\n\t\t\t\t\t<\/div>\n\t\t\t\t<\/div>\n\t\t\t\t\t<\/div>\n\t\t\t\t<\/div>\n\t\t<div class=\"elementor-element elementor-element-1864967 e-flex e-con-boxed e-con e-parent\" data-id=\"1864967\" data-element_type=\"container\">\n\t\t\t\t\t<div class=\"e-con-inner\">\n\t\t\t\t<div class=\"elementor-element elementor-element-5fb32a2 elementor-widget elementor-widget-text-editor\" data-id=\"5fb32a2\" data-element_type=\"widget\" data-widget_type=\"text-editor.default\">\n\t\t\t\t<div class=\"elementor-widget-container\">\n\t\t\t\t\t\t\t<p>A BSE Pal\u00f3c Farkasok Ut\u00e1np\u00f3tl\u00e1s Sportegyes\u00fclet t\u00f6rt\u00e9nete 1902 m\u00e1rcius\u00e1ban kezd\u0151d\u00f6tt. Ekkor hivatalosan is megalakult egy olyan sportegyes\u00fclet \u2013 a BSE \u2013 amelynek az alapszab\u00e1ly\u00e1ban szerepel a labdar\u00fag\u00e1s \u00e9s az atl\u00e9tika.<\/p><p>Az ut\u00e1np\u00f3tl\u00e1s szak\u00e1g 2003-t\u00f3l \u00f6n\u00e1ll\u00f3an, a helyi sportiskola keretein bel\u00fcl kezdett m\u0171k\u00f6dni. Ezt k\u00f6vet\u0151en 2006-ban \u00f6n\u00e1ll\u00f3 ut\u00e1np\u00f3tl\u00e1s egyes\u00fcletk\u00e9nt j\u00f6tt l\u00e9tre a BSE Pal\u00f3c Farkasok Ut\u00e1np\u00f3tl\u00e1s Sportegyes\u00fclet, mely szoros egy\u00fcttm\u0171k\u00f6d\u00e9si kapcsolatban \u00e1llt a BSE feln\u0151tt csapat\u00e1val a Balassagyarmati V\u00e1rosi Sportegyes\u00fclettel.<\/p><p>C\u00e9lunk els\u0151sorban a gyermekek nevel\u00e9se, sportol\u00e1si lehet\u0151s\u00e9geiknek biztos\u00edt\u00e1sa. Eg\u00e9szen 2022-ig a labdar\u00fag\u00e1s oktat\u00e1sa, k\u00e9pz\u00e9se \u00e9s a k\u00fcl\u00f6nb\u00f6z\u0151 koroszt\u00e1lyok versenyeztet\u00e9se volt az egyes\u00fclet feladata. 2023-ban szakoszt\u00e1lyaink b\u0151v\u00fcltek, elindult az \u00fasz\u00f3 szakoszt\u00e1ly \u00e9s megkezdte m\u0171k\u00f6d\u00e9s\u00e9t a k\u00e9zilabda szakoszt\u00e1ly is. A labdar\u00fag\u00e1sban r\u00e9szt vev\u0151 k\u00f6zel 200 gyermek mellett \u00edgy 100-110 f\u0151vel b\u0151v\u00fclt az egyes\u00fclet tagl\u00e9tsz\u00e1ma. 2024. tavasz\u00e1n ind\u00edtjuk el atl\u00e9tika szakoszt\u00e1lyunkat is.<\/p><p>T\u00f6rekv\u00e9s\u00fcnk, hogy Nyugat-N\u00f3gr\u00e1d \u00e9s Szlov\u00e1kia Ipoly menti t\u00e9rs\u00e9g\u00e9nek meghat\u00e1roz\u00f3 sportk\u00f6zpontj\u00e1v\u00e1 tudjunk v\u00e1lni. Az egyes\u00fclet\u00fcnkben jelenleg 310 akt\u00edv gyerek vesz r\u00e9szt heti h\u00e1rom-, n\u00e9gyszeri rendszeress\u00e9ggel a foglalkoz\u00e1sokon, t\u00f6bbs\u00e9g\u00e9ben Balassagyarmat \u00e9s vonz\u00e1sk\u00f6rzet\u00e9b\u0151l, az orsz\u00e1ghat\u00e1ron innen \u00e9s t\u00falr\u00f3l.<\/p><p>Fontos, hogy szakmailag k\u00e9pzett \u00e9s elhivatott szakemberek (edz\u0151k, prevenci\u00f3s \u00e9s rehabilit\u00e1ci\u00f3s munkat\u00e1rsak) l\u00e1ss\u00e1k el a feladatokat minden ter\u00fcleten.<\/p><p>\u00a0<\/p>\t\t\t\t\t\t<\/div>\n\t\t\t\t<\/div>\n\t\t\t\t\t<\/div>\n\t\t\t\t<\/div>\n\t\t<div class=\"elementor-element elementor-element-3a00572 e-flex e-con-boxed e-con e-parent\" data-id=\"3a00572\" data-element_type=\"container\">\n\t\t\t\t\t<div class=\"e-con-inner\">\n\t\t\t\t<div class=\"elementor-element elementor-element-d3bc41b elementor-widget elementor-widget-image\" data-id=\"d3bc41b\" data-element_type=\"widget\" data-widget_type=\"image.default\">\n\t\t\t\t<div class=\"elementor-widget-container\">\n\t\t\t\t\t\t\t\t\t\t\t\t\t<img fetchpriority=\"high\" decoding=\"async\" width=\"640\" height=\"360\" src=\"http:\/\/palocfarkasok.hu\/wp-content\/uploads\/2023\/10\/DJI_0134-1024x576.jpg\" class=\"attachment-large size-large wp-image-319\" alt=\"\" srcset=\"http:\/\/palocfarkasok.hu\/wp-content\/uploads\/2023\/10\/DJI_0134-1024x576.jpg 1024w, http:\/\/palocfarkasok.hu\/wp-content\/uploads\/2023\/10\/DJI_0134-300x169.jpg 300w, http:\/\/palocfarkasok.hu\/wp-content\/uploads\/2023\/10\/DJI_0134-768x432.jpg 768w, http:\/\/palocfarkasok.hu\/wp-content\/uploads\/2023\/10\/DJI_0134-1536x864.jpg 1536w, http:\/\/palocfarkasok.hu\/wp-content\/uploads\/2023\/10\/DJI_0134-2048x1152.jpg 2048w, http:\/\/palocfarkasok.hu\/wp-content\/uploads\/2023\/10\/DJI_0134-600x338.jpg 600w\" sizes=\"(max-width: 640px) 100vw, 640px\" \/>\t\t\t\t\t\t\t\t\t\t\t\t\t<\/div>\n\t\t\t\t<\/div>\n\t\t\t\t\t<\/div>\n\t\t\t\t<\/div>\n\t\t\t\t<\/div>\n\t\t","protected":false},"excerpt":{"rendered":"<p>ELN\u00d6K Klinger Attila bsepalocfarkasok@gmail.com Technikai Igazgat\u00f3 Jelen Istv\u00e1n +36 20 403 9336 istvanjelen@gmail.com Szakmai igazgat\u00f3 Magyar G\u00e1bor +36 30 171 2601 panbeal@gmail.com A BSE Pal\u00f3c Farkasok Ut\u00e1np\u00f3tl\u00e1s Sportegyes\u00fclet t\u00f6rt\u00e9nete 1902 m\u00e1rcius\u00e1ban kezd\u0151d\u00f6tt. Ekkor hivatalosan is megalakult egy olyan sportegyes\u00fclet \u2013 a BSE \u2013 amelynek az alapszab\u00e1ly\u00e1ban szerepel a labdar\u00fag\u00e1s \u00e9s az atl\u00e9tika. Az ut\u00e1np\u00f3tl\u00e1s szak\u00e1g &hellip; <\/p>\n<p class=\"link-more\"><a href=\"http:\/\/palocfarkasok.hu\/?page_id=454\" class=\"more-link\">Continue reading<span class=\"screen-reader-text\"> &#8220;BSE\u00a0Pal\u00f3c\u00a0Farkasok&#8221;<\/span><\/a><\/p>\n","protected":false},"author":1,"featured_media":0,"parent":0,"menu_order":0,"comment_status":"closed","ping_status":"closed","template":"","meta":{"_regular_price":[],"currency_symbol":[],"footnotes":""},"class_list":["post-454","page","type-page","status-publish","hentry"],"post_slider_layout_featured_media_urls":{"thumbnail":"","post_slider_layout_landscape_large":"","post_slider_layout_portrait_large":"","post_slider_layout_square_large":"","post_slider_layout_landscape":"","post_slider_layout_portrait":"","post_slider_layout_square":"","full":""},"_links":{"self":[{"href":"http:\/\/palocfarkasok.hu\/index.php?rest_route=\/wp\/v2\/pages\/454","targetHints":{"allow":["GET"]}}],"collection":[{"href":"http:\/\/palocfarkasok.hu\/index.php?rest_route=\/wp\/v2\/pages"}],"about":[{"href":"http:\/\/palocfarkasok.hu\/index.php?rest_route=\/wp\/v2\/types\/page"}],"author":[{"embeddable":true,"href":"http:\/\/palocfarkasok.hu\/index.php?rest_route=\/wp\/v2\/users\/1"}],"replies":[{"embeddable":true,"href":"http:\/\/palocfarkasok.hu\/index.php?rest_route=%2Fwp%2Fv2%2Fcomments&post=454"}],"version-history":[{"count":16,"href":"http:\/\/palocfarkasok.hu\/index.php?rest_route=\/wp\/v2\/pages\/454\/revisions"}],"predecessor-version":[{"id":898,"href":"http:\/\/palocfarkasok.hu\/index.php?rest_route=\/wp\/v2\/pages\/454\/revisions\/898"}],"wp:attachment":[{"href":"http:\/\/palocfarkasok.hu\/index.php?rest_route=%2Fwp%2Fv2%2Fmedia&parent=454"}],"curies":[{"name":"wp","href":"https:\/\/api.w.org\/{rel}","templated":true}]}}