{"id":495,"date":"2023-10-30T11:55:14","date_gmt":"2023-10-30T10:55:14","guid":{"rendered":"http:\/\/palocfarkasok.hu\/?page_id=495"},"modified":"2024-01-17T08:54:43","modified_gmt":"2024-01-17T07:54:43","slug":"uszas","status":"publish","type":"page","link":"http:\/\/palocfarkasok.hu\/?page_id=495","title":{"rendered":"\u00daSZ\u00c1S"},"content":{"rendered":"\t\t<div data-elementor-type=\"wp-page\" data-elementor-id=\"495\" class=\"elementor elementor-495\">\n\t\t\t\t<div class=\"elementor-element elementor-element-775f68e4 e-flex e-con-boxed e-con e-parent\" data-id=\"775f68e4\" data-element_type=\"container\">\n\t\t\t\t\t<div class=\"e-con-inner\">\n\t\t\t\t<div class=\"elementor-element elementor-element-6a5f82a4 elementor-view-default elementor-widget elementor-widget-icon\" data-id=\"6a5f82a4\" data-element_type=\"widget\" data-widget_type=\"icon.default\">\n\t\t\t\t<div class=\"elementor-widget-container\">\n\t\t\t\t\t<div class=\"elementor-icon-wrapper\">\n\t\t\t<div class=\"elementor-icon\">\n\t\t\t<svg aria-hidden=\"true\" class=\"e-font-icon-svg e-fas-user\" viewBox=\"0 0 448 512\" xmlns=\"http:\/\/www.w3.org\/2000\/svg\"><path d=\"M224 256c70.7 0 128-57.3 128-128S294.7 0 224 0 96 57.3 96 128s57.3 128 128 128zm89.6 32h-16.7c-22.2 10.2-46.9 16-72.9 16s-50.6-5.8-72.9-16h-16.7C60.2 288 0 348.2 0 422.4V464c0 26.5 21.5 48 48 48h352c26.5 0 48-21.5 48-48v-41.6c0-74.2-60.2-134.4-134.4-134.4z\"><\/path><\/svg>\t\t\t<\/div>\n\t\t<\/div>\n\t\t\t\t<\/div>\n\t\t\t\t<\/div>\n\t\t\t\t<div class=\"elementor-element elementor-element-8abfd83 elementor-widget elementor-widget-heading\" data-id=\"8abfd83\" data-element_type=\"widget\" data-widget_type=\"heading.default\">\n\t\t\t\t<div class=\"elementor-widget-container\">\n\t\t\t<h2 class=\"elementor-heading-title elementor-size-default\">Szakoszt\u00e1ly vezet\u0150<\/h2>\t\t<\/div>\n\t\t\t\t<\/div>\n\t\t\t\t<div class=\"elementor-element elementor-element-6dc1255d elementor-widget elementor-widget-heading\" data-id=\"6dc1255d\" data-element_type=\"widget\" data-widget_type=\"heading.default\">\n\t\t\t\t<div class=\"elementor-widget-container\">\n\t\t\t<h2 class=\"elementor-heading-title elementor-size-default\">Petruska L\u00e1szl\u00f3<\/h2>\t\t<\/div>\n\t\t\t\t<\/div>\n\t\t<div class=\"elementor-element elementor-element-3872066 e-flex e-con-boxed e-con e-child\" data-id=\"3872066\" data-element_type=\"container\">\n\t\t\t\t\t<div class=\"e-con-inner\">\n\t\t\t\t<div class=\"elementor-element elementor-element-849a3f7 elementor-widget elementor-widget-text-editor\" data-id=\"849a3f7\" data-element_type=\"widget\" data-widget_type=\"text-editor.default\">\n\t\t\t\t<div class=\"elementor-widget-container\">\n\t\t\t\t\t\t\t<p>A Tesnevel\u00e9si Egyetemen v\u00e9gzett edz\u0151k\u00e9nt, 30 \u00e9ve foglalkozik 4-18 \u00e9ves kor\u00fa gyermekek oktat\u00e1s\u00e1val, ut\u00e1np\u00f3tl\u00e1s edz\u00e9s\u00e9vel, t\u00f6bb \u00fasz\u00f3ja orsz\u00e1gos bajnok lett, nemzetk\u00f6zi versenyeken sikeresen szerepelt.<\/p>\t\t\t\t\t\t<\/div>\n\t\t\t\t<\/div>\n\t\t\t\t<div class=\"elementor-element elementor-element-ed6504d elementor-widget-divider--view-line elementor-widget elementor-widget-divider\" data-id=\"ed6504d\" data-element_type=\"widget\" data-widget_type=\"divider.default\">\n\t\t\t\t<div class=\"elementor-widget-container\">\n\t\t\t\t\t<div class=\"elementor-divider\">\n\t\t\t<span class=\"elementor-divider-separator\">\n\t\t\t\t\t\t<\/span>\n\t\t<\/div>\n\t\t\t\t<\/div>\n\t\t\t\t<\/div>\n\t\t\t\t<div class=\"elementor-element elementor-element-8eba3f9 elementor-view-default elementor-widget elementor-widget-icon\" data-id=\"8eba3f9\" data-element_type=\"widget\" data-widget_type=\"icon.default\">\n\t\t\t\t<div class=\"elementor-widget-container\">\n\t\t\t\t\t<div class=\"elementor-icon-wrapper\">\n\t\t\t<div class=\"elementor-icon\">\n\t\t\t<svg aria-hidden=\"true\" class=\"e-font-icon-svg e-fas-user\" viewBox=\"0 0 448 512\" xmlns=\"http:\/\/www.w3.org\/2000\/svg\"><path d=\"M224 256c70.7 0 128-57.3 128-128S294.7 0 224 0 96 57.3 96 128s57.3 128 128 128zm89.6 32h-16.7c-22.2 10.2-46.9 16-72.9 16s-50.6-5.8-72.9-16h-16.7C60.2 288 0 348.2 0 422.4V464c0 26.5 21.5 48 48 48h352c26.5 0 48-21.5 48-48v-41.6c0-74.2-60.2-134.4-134.4-134.4z\"><\/path><\/svg>\t\t\t<\/div>\n\t\t<\/div>\n\t\t\t\t<\/div>\n\t\t\t\t<\/div>\n\t\t\t\t<div class=\"elementor-element elementor-element-d5fd5ec elementor-widget elementor-widget-heading\" data-id=\"d5fd5ec\" data-element_type=\"widget\" data-widget_type=\"heading.default\">\n\t\t\t\t<div class=\"elementor-widget-container\">\n\t\t\t<h2 class=\"elementor-heading-title elementor-size-default\">\u00fasz\u00e1soktat\u00f3<\/h2>\t\t<\/div>\n\t\t\t\t<\/div>\n\t\t\t\t<div class=\"elementor-element elementor-element-352f84d elementor-widget elementor-widget-heading\" data-id=\"352f84d\" data-element_type=\"widget\" data-widget_type=\"heading.default\">\n\t\t\t\t<div class=\"elementor-widget-container\">\n\t\t\t<h2 class=\"elementor-heading-title elementor-size-default\">Szab\u00f3 Eszter<\/h2>\t\t<\/div>\n\t\t\t\t<\/div>\n\t\t\t\t<div class=\"elementor-element elementor-element-bcb503b elementor-widget elementor-widget-text-editor\" data-id=\"bcb503b\" data-element_type=\"widget\" data-widget_type=\"text-editor.default\">\n\t\t\t\t<div class=\"elementor-widget-container\">\n\t\t\t\t\t\t\t<p>A\u00a0Tesnevel\u00e9si Egyetemen kihelyezett k\u00e9pz\u00e9s\u00e9n v\u00e9gzett \u00fasz\u00e1soktat\u00f3k\u00e9nt. \u00d3vodai, iskolai \u00fasz\u00e1soktat\u00e1sban, d\u00e9lut\u00e1nos oktat\u00e1sban, ny\u00e1ri t\u00e1boroztat\u00e1sban szerzett sok \u00e9ves tapasztalat\u00e1val csatlakozik a szakoszt\u00e1ly munk\u00e1j\u00e1hoz. Az oktat\u00e1sszervez\u0151i feladatokat is \u0151 l\u00e1tja el.<\/p>\t\t\t\t\t\t<\/div>\n\t\t\t\t<\/div>\n\t\t\t\t<div class=\"elementor-element elementor-element-31f4754 elementor-widget-divider--view-line elementor-widget elementor-widget-divider\" data-id=\"31f4754\" data-element_type=\"widget\" data-widget_type=\"divider.default\">\n\t\t\t\t<div class=\"elementor-widget-container\">\n\t\t\t\t\t<div class=\"elementor-divider\">\n\t\t\t<span class=\"elementor-divider-separator\">\n\t\t\t\t\t\t<\/span>\n\t\t<\/div>\n\t\t\t\t<\/div>\n\t\t\t\t<\/div>\n\t\t<div class=\"elementor-element elementor-element-77e2312 e-flex e-con-boxed e-con e-child\" data-id=\"77e2312\" data-element_type=\"container\">\n\t\t\t\t\t<div class=\"e-con-inner\">\n\t\t\t\t<div class=\"elementor-element elementor-element-82d1238 elementor-view-default elementor-widget elementor-widget-icon\" data-id=\"82d1238\" data-element_type=\"widget\" data-widget_type=\"icon.default\">\n\t\t\t\t<div class=\"elementor-widget-container\">\n\t\t\t\t\t<div class=\"elementor-icon-wrapper\">\n\t\t\t<div class=\"elementor-icon\">\n\t\t\t<svg aria-hidden=\"true\" class=\"e-font-icon-svg e-fas-user\" viewBox=\"0 0 448 512\" xmlns=\"http:\/\/www.w3.org\/2000\/svg\"><path d=\"M224 256c70.7 0 128-57.3 128-128S294.7 0 224 0 96 57.3 96 128s57.3 128 128 128zm89.6 32h-16.7c-22.2 10.2-46.9 16-72.9 16s-50.6-5.8-72.9-16h-16.7C60.2 288 0 348.2 0 422.4V464c0 26.5 21.5 48 48 48h352c26.5 0 48-21.5 48-48v-41.6c0-74.2-60.2-134.4-134.4-134.4z\"><\/path><\/svg>\t\t\t<\/div>\n\t\t<\/div>\n\t\t\t\t<\/div>\n\t\t\t\t<\/div>\n\t\t\t\t<div class=\"elementor-element elementor-element-8679780 elementor-widget elementor-widget-heading\" data-id=\"8679780\" data-element_type=\"widget\" data-widget_type=\"heading.default\">\n\t\t\t\t<div class=\"elementor-widget-container\">\n\t\t\t<h2 class=\"elementor-heading-title elementor-size-default\">edz\u0151-oktat\u00f3<\/h2>\t\t<\/div>\n\t\t\t\t<\/div>\n\t\t\t\t<div class=\"elementor-element elementor-element-ed67b70 elementor-widget elementor-widget-heading\" data-id=\"ed67b70\" data-element_type=\"widget\" data-widget_type=\"heading.default\">\n\t\t\t\t<div class=\"elementor-widget-container\">\n\t\t\t<h2 class=\"elementor-heading-title elementor-size-default\">Csizmarik Bence <\/h2>\t\t<\/div>\n\t\t\t\t<\/div>\n\t\t\t\t\t<\/div>\n\t\t\t\t<\/div>\n\t\t\t\t\t<\/div>\n\t\t\t\t<\/div>\n\t\t\t\t<div class=\"elementor-element elementor-element-7551dff elementor-widget elementor-widget-text-editor\" data-id=\"7551dff\" data-element_type=\"widget\" data-widget_type=\"text-editor.default\">\n\t\t\t\t<div class=\"elementor-widget-container\">\n\t\t\t\t\t\t\t<p>A P\u00e9csi Tudom\u00e1ny Egyetem kihelyezett k\u00e9pz\u00e9s\u00e9n v\u00e9gezte tanulm\u00e1nyait. T\u00f6bb \u00e9ves edz\u0151i, oktat\u00f3i munk\u00e1val szerzett tapasztalatot 6-14 \u00e9ves kor\u00fa gyermekekkel.<\/p>\t\t\t\t\t\t<\/div>\n\t\t\t\t<\/div>\n\t\t\t\t<div class=\"elementor-element elementor-element-71bfa78 elementor-widget-divider--view-line elementor-widget elementor-widget-divider\" data-id=\"71bfa78\" data-element_type=\"widget\" data-widget_type=\"divider.default\">\n\t\t\t\t<div class=\"elementor-widget-container\">\n\t\t\t\t\t<div class=\"elementor-divider\">\n\t\t\t<span class=\"elementor-divider-separator\">\n\t\t\t\t\t\t<\/span>\n\t\t<\/div>\n\t\t\t\t<\/div>\n\t\t\t\t<\/div>\n\t\t\t\t\t<\/div>\n\t\t\t\t<\/div>\n\t\t<div class=\"elementor-element elementor-element-45c0e119 e-flex e-con-boxed e-con e-parent\" data-id=\"45c0e119\" data-element_type=\"container\">\n\t\t\t\t\t<div class=\"e-con-inner\">\n\t\t\t\t<div class=\"elementor-element elementor-element-468dc68 elementor-align-center elementor-list-item-link-full_width elementor-widget elementor-widget-icon-list\" data-id=\"468dc68\" data-element_type=\"widget\" data-widget_type=\"icon-list.default\">\n\t\t\t\t<div class=\"elementor-widget-container\">\n\t\t\t\t\t<ul class=\"elementor-icon-list-items\">\n\t\t\t\t\t\t\t<li class=\"elementor-icon-list-item\">\n\t\t\t\t\t\t\t\t\t\t\t<span class=\"elementor-icon-list-icon\">\n\t\t\t\t\t\t\t<svg aria-hidden=\"true\" class=\"e-font-icon-svg e-fas-phone-alt\" viewBox=\"0 0 512 512\" xmlns=\"http:\/\/www.w3.org\/2000\/svg\"><path d=\"M497.39 361.8l-112-48a24 24 0 0 0-28 6.9l-49.6 60.6A370.66 370.66 0 0 1 130.6 204.11l60.6-49.6a23.94 23.94 0 0 0 6.9-28l-48-112A24.16 24.16 0 0 0 122.6.61l-104 24A24 24 0 0 0 0 48c0 256.5 207.9 464 464 464a24 24 0 0 0 23.4-18.6l24-104a24.29 24.29 0 0 0-14.01-27.6z\"><\/path><\/svg>\t\t\t\t\t\t<\/span>\n\t\t\t\t\t\t\t\t\t\t<span class=\"elementor-icon-list-text\">+3630 283 9258<\/span>\n\t\t\t\t\t\t\t\t\t<\/li>\n\t\t\t\t\t\t\t\t<li class=\"elementor-icon-list-item\">\n\t\t\t\t\t\t\t\t\t\t\t<a href=\"https:\/\/www.facebook.com\/profile.php?id=100091995975411\">\n\n\t\t\t\t\t\t\t\t\t\t\t\t<span class=\"elementor-icon-list-icon\">\n\t\t\t\t\t\t\t<svg aria-hidden=\"true\" class=\"e-font-icon-svg e-fab-facebook\" viewBox=\"0 0 512 512\" xmlns=\"http:\/\/www.w3.org\/2000\/svg\"><path d=\"M504 256C504 119 393 8 256 8S8 119 8 256c0 123.78 90.69 226.38 209.25 245V327.69h-63V256h63v-54.64c0-62.15 37-96.48 93.67-96.48 27.14 0 55.52 4.84 55.52 4.84v61h-31.28c-30.8 0-40.41 19.12-40.41 38.73V256h68.78l-11 71.69h-57.78V501C413.31 482.38 504 379.78 504 256z\"><\/path><\/svg>\t\t\t\t\t\t<\/span>\n\t\t\t\t\t\t\t\t\t\t<span class=\"elementor-icon-list-text\">Pal\u00f3c Farkasok \u00dasz\u00f3szakoszt\u00e1ly <\/span>\n\t\t\t\t\t\t\t\t\t\t\t<\/a>\n\t\t\t\t\t\t\t\t\t<\/li>\n\t\t\t\t\t\t<\/ul>\n\t\t\t\t<\/div>\n\t\t\t\t<\/div>\n\t\t\t\t\t<\/div>\n\t\t\t\t<\/div>\n\t\t<div class=\"elementor-element elementor-element-7998c95 e-flex e-con-boxed e-con e-parent\" data-id=\"7998c95\" data-element_type=\"container\">\n\t\t\t\t\t<div class=\"e-con-inner\">\n\t\t\t\t<div class=\"elementor-element elementor-element-4fc7939 elementor-widget elementor-widget-text-editor\" data-id=\"4fc7939\" data-element_type=\"widget\" data-widget_type=\"text-editor.default\">\n\t\t\t\t<div class=\"elementor-widget-container\">\n\t\t\t\t\t\t\t<p>A Pal\u00f3c Farkasok Sport Egyes\u00fclet \u00faj szakoszt\u00e1lyt alap\u00edtott, \u00fasz\u00e1s sport\u00e1gban. A szakoszt\u00e1ly \u00fasz\u00e1soktat\u00e1ssal, ut\u00e1np\u00f3tl\u00e1s nevel\u00e9ssel, versenyeztet\u00e9ssel szeretn\u00e9 a balassagyarmati \u00e9s a k\u00f6rny\u00e9kbeli gyermekek sportol\u00e1si lehet\u0151s\u00e9geit b\u0151v\u00edteni.<\/p><p>A gyermekek sz\u00e1m\u00e1ra nagyon fontos az \u00fasz\u00e1stud\u00e1s megszerz\u00e9se, a mozg\u00e1skoordin\u00e1ci\u00f3 fejleszt\u00e9se. Az \u00fasz\u00e1s \u00e9lettani hat\u00e1sai a legkedvez\u0151bbek egy fejl\u0151d\u0151 szervezet sz\u00e1m\u00e1ra.<\/p><p>A szakoszt\u00e1ly munk\u00e1j\u00e1t szakmailag elismert edz\u0151k-oktat\u00f3k v\u00e9gzik hossz\u00fa \u00e9vek tapasztalat\u00e1val az \u00fasz\u00e1soktat\u00e1sban, valamint nemzetk\u00f6zi sikereket el\u00e9rve eddigi versenyz\u0151ikkel. A Magyar \u00dasz\u00f3sz\u00f6vets\u00e9g tov\u00e1bbk\u00e9pz\u00e9sein folyamatosan r\u00e9szt vesznek, edz\u0151i-oktat\u00f3i licensz-szel rendelkeznek.<\/p><p>Az edz\u0151k-oktat\u00f3k \u00c9rdr\u0151l \u00e9rkeznek Balassagyarmatra, szeretn\u00e9k a munk\u00e1t a Pal\u00f3c Farkasok \u00fasz\u00f3szakoszt\u00e1ly\u00e1n\u00e1l folytatni, lehet\u0151s\u00e9get adva ezzel minden gyermeknek az \u00fasz\u00e1stud\u00e1s megszerz\u00e9s\u00e9re, a min\u0151s\u00e9gi sportol\u00e1si, szabadid\u0151s tev\u00e9kenys\u00e9g elt\u00f6lt\u00e9s\u00e9re.<\/p><p>Az \u00fasz\u00f3szakoszt\u00e1ly ny\u00e1ri \u00fasz\u00f3t\u00e1borral kezdte meg a m\u0171k\u00f6d\u00e9s\u00e9t, a t\u00e1bor 6 hete alatt \u00f6sszess\u00e9g\u00e9ben t\u00f6bb, mint 100 gyermekkel foglalkoztunk, sz\u00ednes programokat, valamint napi 2 \u00fasz\u00e1soktat\u00e1st tartottunk napi 8 \u00f3r\u00e1ban.<\/p>\t\t\t\t\t\t<\/div>\n\t\t\t\t<\/div>\n\t\t\t\t\t<\/div>\n\t\t\t\t<\/div>\n\t\t\t\t<\/div>\n\t\t","protected":false},"excerpt":{"rendered":"<p>Szakoszt\u00e1ly vezet\u0150 Petruska L\u00e1szl\u00f3 A Tesnevel\u00e9si Egyetemen v\u00e9gzett edz\u0151k\u00e9nt, 30 \u00e9ve foglalkozik 4-18 \u00e9ves kor\u00fa gyermekek oktat\u00e1s\u00e1val, ut\u00e1np\u00f3tl\u00e1s edz\u00e9s\u00e9vel, t\u00f6bb \u00fasz\u00f3ja orsz\u00e1gos bajnok lett, nemzetk\u00f6zi versenyeken sikeresen szerepelt. \u00fasz\u00e1soktat\u00f3 Szab\u00f3 Eszter A\u00a0Tesnevel\u00e9si Egyetemen kihelyezett k\u00e9pz\u00e9s\u00e9n v\u00e9gzett \u00fasz\u00e1soktat\u00f3k\u00e9nt. \u00d3vodai, iskolai \u00fasz\u00e1soktat\u00e1sban, d\u00e9lut\u00e1nos oktat\u00e1sban, ny\u00e1ri t\u00e1boroztat\u00e1sban szerzett sok \u00e9ves tapasztalat\u00e1val csatlakozik a szakoszt\u00e1ly munk\u00e1j\u00e1hoz. Az oktat\u00e1sszervez\u0151i feladatokat &hellip; <\/p>\n<p class=\"link-more\"><a href=\"http:\/\/palocfarkasok.hu\/?page_id=495\" class=\"more-link\">Continue reading<span class=\"screen-reader-text\"> &#8220;\u00daSZ\u00c1S&#8221;<\/span><\/a><\/p>\n","protected":false},"author":1,"featured_media":0,"parent":0,"menu_order":0,"comment_status":"closed","ping_status":"closed","template":"","meta":{"_regular_price":[],"currency_symbol":[],"footnotes":""},"class_list":["post-495","page","type-page","status-publish","hentry"],"post_slider_layout_featured_media_urls":{"thumbnail":"","post_slider_layout_landscape_large":"","post_slider_layout_portrait_large":"","post_slider_layout_square_large":"","post_slider_layout_landscape":"","post_slider_layout_portrait":"","post_slider_layout_square":"","full":""},"_links":{"self":[{"href":"http:\/\/palocfarkasok.hu\/index.php?rest_route=\/wp\/v2\/pages\/495","targetHints":{"allow":["GET"]}}],"collection":[{"href":"http:\/\/palocfarkasok.hu\/index.php?rest_route=\/wp\/v2\/pages"}],"about":[{"href":"http:\/\/palocfarkasok.hu\/index.php?rest_route=\/wp\/v2\/types\/page"}],"author":[{"embeddable":true,"href":"http:\/\/palocfarkasok.hu\/index.php?rest_route=\/wp\/v2\/users\/1"}],"replies":[{"embeddable":true,"href":"http:\/\/palocfarkasok.hu\/index.php?rest_route=%2Fwp%2Fv2%2Fcomments&post=495"}],"version-history":[{"count":13,"href":"http:\/\/palocfarkasok.hu\/index.php?rest_route=\/wp\/v2\/pages\/495\/revisions"}],"predecessor-version":[{"id":883,"href":"http:\/\/palocfarkasok.hu\/index.php?rest_route=\/wp\/v2\/pages\/495\/revisions\/883"}],"wp:attachment":[{"href":"http:\/\/palocfarkasok.hu\/index.php?rest_route=%2Fwp%2Fv2%2Fmedia&parent=495"}],"curies":[{"name":"wp","href":"https:\/\/api.w.org\/{rel}","templated":true}]}}