{"id":610,"date":"2024-01-03T13:50:02","date_gmt":"2024-01-03T12:50:02","guid":{"rendered":"http:\/\/palocfarkasok.hu\/?page_id=610"},"modified":"2024-01-03T13:56:52","modified_gmt":"2024-01-03T12:56:52","slug":"bemutatkozas","status":"publish","type":"page","link":"http:\/\/palocfarkasok.hu\/?page_id=610","title":{"rendered":"Bemutatkoz\u00e1s"},"content":{"rendered":"\t\t<div data-elementor-type=\"wp-page\" data-elementor-id=\"610\" class=\"elementor elementor-610\">\n\t\t\t\t<div class=\"elementor-element elementor-element-32a0d3b e-flex e-con-boxed e-con e-parent\" data-id=\"32a0d3b\" data-element_type=\"container\">\n\t\t\t\t\t<div class=\"e-con-inner\">\n\t\t\t\t<div class=\"elementor-element elementor-element-b4f454d elementor-widget elementor-widget-heading\" data-id=\"b4f454d\" data-element_type=\"widget\" data-widget_type=\"heading.default\">\n\t\t\t\t<div class=\"elementor-widget-container\">\n\t\t\t<h2 class=\"elementor-heading-title elementor-size-default\">Bemutatkoz\u00e1s<\/h2>\t\t<\/div>\n\t\t\t\t<\/div>\n\t\t\t\t<div class=\"elementor-element elementor-element-76ac96b elementor-widget elementor-widget-text-editor\" data-id=\"76ac96b\" data-element_type=\"widget\" data-widget_type=\"text-editor.default\">\n\t\t\t\t<div class=\"elementor-widget-container\">\n\t\t\t\t\t\t\t<p>C\u00e9lunk els\u0151sorban a gyermekek nevel\u00e9se, sportol\u00e1si lehet\u0151s\u00e9geiknek biztos\u00edt\u00e1sa \u00e9s eg\u00e9szen 2022-ig a labdar\u00fag\u00e1s oktat\u00e1sa, k\u00e9pz\u00e9se \u00e9s a k\u00fcl\u00f6nb\u00f6z\u0151 koroszt\u00e1lyok versenyeztet\u00e9se volt.<\/p><p>A v\u00e1ros infrastruktur\u00e1lis fejl\u0151d\u00e9se lehet\u0151v\u00e9 tette sz\u00e1munkra, hogy a labdar\u00fag\u00e1s mellett az atl\u00e9tika, k\u00e9zilabda, v\u00edzilabda \u00e9s \u00fasz\u00e1s is el\u00e9rhet\u0151 legyen mindenki sz\u00e1m\u00e1ra. T\u00f6rekv\u00e9s\u00fcnk, hogy Nyugat-N\u00f3gr\u00e1d \u00e9s Szlov\u00e1kia Ipoly menti t\u00e9rs\u00e9g\u00e9nek meghat\u00e1roz\u00f3 sportk\u00f6zpontj\u00e1v\u00e1 tudjunk v\u00e1lni. Az egyes\u00fclet\u00fcnkben jelenleg 250 akt\u00edv gyerek vesz r\u00e9szt heti h\u00e1rom-, n\u00e9gyszeri rendszeress\u00e9ggel a foglalkoz\u00e1sokon, t\u00f6bbs\u00e9g\u00e9ben Balassagyarmat \u00e9s vonz\u00e1sk\u00f6rzet\u00e9b\u0151l, az orsz\u00e1ghat\u00e1ron innen \u00e9s t\u00falr\u00f3l.<\/p><p>Az elm\u00falt id\u0151szakban nem csak uszoda \u00e9p\u00fclt Balassagyarmaton. Elk\u00e9sz\u00fclt \u00e9s \u00e1tad\u00e1sra ker\u00fclt egy K\u00e9zilabda munkacsarnok \u00e9s egy olyan 8 s\u00e1vos rekort\u00e1n atl\u00e9tika p\u00e1lya, mely orsz\u00e1gos versenyek megrendez\u00e9s\u00e9re is alkalmas.<\/p><p><strong>Az \u00fasz\u00e1s tekintet\u00e9ben tal\u00e1n kiemelked\u0151 \u00e9s egyed\u00fcl\u00e1ll\u00f3, hogy nyugat N\u00f3gr\u00e1d mindh\u00e1rom j\u00e1r\u00e1s\u00e1ban tal\u00e1lhat\u00f3 tanuszoda, melyb\u0151l egy m\u00e1r \u00fczemel, kett\u0151 \u00e1tad\u00e1sa pedig hamarosan aktu\u00e1liss\u00e1 v\u00e1lik. Ezzel t\u00f6bb, mint 100.000 ember sz\u00e1m\u00e1ra v\u00e1lik el\u00e9rhet\u0151v\u00e9 az \u00fasz\u00e1s. <\/strong><\/p><p><strong>B\u00e1r az infrastrukt\u00fara elengedhetetlen de mit sem \u00e9r, ha nincsenek hozz\u00e1 megfelel\u0151 szakemberek, akik a mindennapok sor\u00e1n ir\u00e1ny\u00edtj\u00e1k a sportol\u00f3ikat. Egyes\u00fclet\u00fcnk \u00fasz\u00f3 \u00e9s v\u00edzilabda szakoszt\u00e1ly\u00e1nak dolgoz\u00f3i az orsz\u00e1g k\u00fcl\u00f6nb\u00f6z\u0151 pontjair\u00f3l \u00e9rkeztek, \u00e9rkeznek. K\u00f6sz\u00f6nj\u00fck a v\u00e1ros t\u00e1mogat\u00e1s\u00e1t, hogy lehet\u0151s\u00e9get \u00e9s seg\u00edts\u00e9get kaptunk abban, hogy kiv\u00e1l\u00f3 szakembereink itt v\u00e9gezhess\u00e9k munk\u00e1jukat \u00fagy, hogy mindennapi \u00e9let\u00fcket is itt \u00e9lik.<\/strong><\/p><p>Az egyes\u00fclet alapvet\u0151 c\u00e9lja az, hogy minden gyermek sportoljon.<\/p>\t\t\t\t\t\t<\/div>\n\t\t\t\t<\/div>\n\t\t\t\t\t<\/div>\n\t\t\t\t<\/div>\n\t\t<div class=\"elementor-element elementor-element-05437b6 e-flex e-con-boxed e-con e-parent\" data-id=\"05437b6\" data-element_type=\"container\">\n\t\t\t\t\t<div class=\"e-con-inner\">\n\t\t\t\t<div class=\"elementor-element elementor-element-f7e9470 elementor-widget elementor-widget-image\" data-id=\"f7e9470\" data-element_type=\"widget\" data-widget_type=\"image.default\">\n\t\t\t\t<div class=\"elementor-widget-container\">\n\t\t\t\t\t\t\t\t\t\t\t\t\t<img fetchpriority=\"high\" decoding=\"async\" width=\"640\" height=\"360\" src=\"http:\/\/palocfarkasok.hu\/wp-content\/uploads\/2023\/10\/DJI_0136-1024x576.jpg\" class=\"attachment-large size-large wp-image-331\" alt=\"\" srcset=\"http:\/\/palocfarkasok.hu\/wp-content\/uploads\/2023\/10\/DJI_0136-1024x576.jpg 1024w, http:\/\/palocfarkasok.hu\/wp-content\/uploads\/2023\/10\/DJI_0136-300x169.jpg 300w, http:\/\/palocfarkasok.hu\/wp-content\/uploads\/2023\/10\/DJI_0136-768x432.jpg 768w, http:\/\/palocfarkasok.hu\/wp-content\/uploads\/2023\/10\/DJI_0136-1536x864.jpg 1536w, http:\/\/palocfarkasok.hu\/wp-content\/uploads\/2023\/10\/DJI_0136-2048x1152.jpg 2048w\" sizes=\"(max-width: 640px) 100vw, 640px\" \/>\t\t\t\t\t\t\t\t\t\t\t\t\t<\/div>\n\t\t\t\t<\/div>\n\t\t\t\t\t<\/div>\n\t\t\t\t<\/div>\n\t\t\t\t<\/div>\n\t\t","protected":false},"excerpt":{"rendered":"<p>Bemutatkoz\u00e1s C\u00e9lunk els\u0151sorban a gyermekek nevel\u00e9se, sportol\u00e1si lehet\u0151s\u00e9geiknek biztos\u00edt\u00e1sa \u00e9s eg\u00e9szen 2022-ig a labdar\u00fag\u00e1s oktat\u00e1sa, k\u00e9pz\u00e9se \u00e9s a k\u00fcl\u00f6nb\u00f6z\u0151 koroszt\u00e1lyok versenyeztet\u00e9se volt. A v\u00e1ros infrastruktur\u00e1lis fejl\u0151d\u00e9se lehet\u0151v\u00e9 tette sz\u00e1munkra, hogy a labdar\u00fag\u00e1s mellett az atl\u00e9tika, k\u00e9zilabda, v\u00edzilabda \u00e9s \u00fasz\u00e1s is el\u00e9rhet\u0151 legyen mindenki sz\u00e1m\u00e1ra. T\u00f6rekv\u00e9s\u00fcnk, hogy Nyugat-N\u00f3gr\u00e1d \u00e9s Szlov\u00e1kia Ipoly menti t\u00e9rs\u00e9g\u00e9nek meghat\u00e1roz\u00f3 sportk\u00f6zpontj\u00e1v\u00e1 tudjunk &hellip; <\/p>\n<p class=\"link-more\"><a href=\"http:\/\/palocfarkasok.hu\/?page_id=610\" class=\"more-link\">Continue reading<span class=\"screen-reader-text\"> &#8220;Bemutatkoz\u00e1s&#8221;<\/span><\/a><\/p>\n","protected":false},"author":1,"featured_media":0,"parent":0,"menu_order":0,"comment_status":"closed","ping_status":"closed","template":"","meta":{"_regular_price":[],"currency_symbol":[],"footnotes":""},"class_list":["post-610","page","type-page","status-publish","hentry"],"post_slider_layout_featured_media_urls":{"thumbnail":"","post_slider_layout_landscape_large":"","post_slider_layout_portrait_large":"","post_slider_layout_square_large":"","post_slider_layout_landscape":"","post_slider_layout_portrait":"","post_slider_layout_square":"","full":""},"_links":{"self":[{"href":"http:\/\/palocfarkasok.hu\/index.php?rest_route=\/wp\/v2\/pages\/610","targetHints":{"allow":["GET"]}}],"collection":[{"href":"http:\/\/palocfarkasok.hu\/index.php?rest_route=\/wp\/v2\/pages"}],"about":[{"href":"http:\/\/palocfarkasok.hu\/index.php?rest_route=\/wp\/v2\/types\/page"}],"author":[{"embeddable":true,"href":"http:\/\/palocfarkasok.hu\/index.php?rest_route=\/wp\/v2\/users\/1"}],"replies":[{"embeddable":true,"href":"http:\/\/palocfarkasok.hu\/index.php?rest_route=%2Fwp%2Fv2%2Fcomments&post=610"}],"version-history":[{"count":7,"href":"http:\/\/palocfarkasok.hu\/index.php?rest_route=\/wp\/v2\/pages\/610\/revisions"}],"predecessor-version":[{"id":621,"href":"http:\/\/palocfarkasok.hu\/index.php?rest_route=\/wp\/v2\/pages\/610\/revisions\/621"}],"wp:attachment":[{"href":"http:\/\/palocfarkasok.hu\/index.php?rest_route=%2Fwp%2Fv2%2Fmedia&parent=610"}],"curies":[{"name":"wp","href":"https:\/\/api.w.org\/{rel}","templated":true}]}}