{"id":918,"date":"2024-01-18T12:18:32","date_gmt":"2024-01-18T11:18:32","guid":{"rendered":"http:\/\/palocfarkasok.hu\/?page_id=918"},"modified":"2025-07-22T13:56:56","modified_gmt":"2025-07-22T11:56:56","slug":"kezilabda-tao","status":"publish","type":"page","link":"http:\/\/palocfarkasok.hu\/?page_id=918","title":{"rendered":"K\u00c9ZILABDA TAO"},"content":{"rendered":"\t\t<div data-elementor-type=\"wp-page\" data-elementor-id=\"918\" class=\"elementor elementor-918\">\n\t\t\t\t<div class=\"elementor-element elementor-element-ae110ba e-flex e-con-boxed e-con e-parent\" data-id=\"ae110ba\" data-element_type=\"container\">\n\t\t\t\t\t<div class=\"e-con-inner\">\n\t\t\t\t<div class=\"elementor-element elementor-element-38c3ab1 elementor-widget elementor-widget-heading\" data-id=\"38c3ab1\" data-element_type=\"widget\" data-widget_type=\"heading.default\">\n\t\t\t\t<div class=\"elementor-widget-container\">\n\t\t\t<h2 class=\"elementor-heading-title elementor-size-default\">Tao.2025-26.<\/h2>\t\t<\/div>\n\t\t\t\t<\/div>\n\t\t\t\t<div class=\"elementor-element elementor-element-94e1380 elementor-widget elementor-widget-text-editor\" data-id=\"94e1380\" data-element_type=\"widget\" data-widget_type=\"text-editor.default\">\n\t\t\t\t<div class=\"elementor-widget-container\">\n\t\t\t\t\t\t\t<p><strong>Hat\u00e1rozat<\/strong>\u00a0Megtekinthet\u0151 \u00e9s let\u00f6lthet\u0151\u00a0<a href=\"http:\/\/palocfarkasok.hu\/wp-content\/uploads\/2025\/07\/SFP_bse_p_fhatarozat_2025_26.pdf\">ide kattintva<\/a>.<\/p><p><strong>K\u00f6lts\u00e9gterv<\/strong>\u00a0Megtekinthet\u0151 \u00e9s let\u00f6lthet\u0151\u00a0<a href=\"http:\/\/palocfarkasok.hu\/wp-content\/uploads\/2025\/07\/Koltsegterv-2025-26.pdf\">ide kattintva<\/a>.<\/p>\t\t\t\t\t\t<\/div>\n\t\t\t\t<\/div>\n\t\t\t\t<div class=\"elementor-element elementor-element-e762b89 elementor-widget-divider--view-line elementor-widget elementor-widget-divider\" data-id=\"e762b89\" data-element_type=\"widget\" data-widget_type=\"divider.default\">\n\t\t\t\t<div class=\"elementor-widget-container\">\n\t\t\t\t\t<div class=\"elementor-divider\">\n\t\t\t<span class=\"elementor-divider-separator\">\n\t\t\t\t\t\t<\/span>\n\t\t<\/div>\n\t\t\t\t<\/div>\n\t\t\t\t<\/div>\n\t\t\t\t\t<\/div>\n\t\t\t\t<\/div>\n\t\t<div class=\"elementor-element elementor-element-1134968 e-flex e-con-boxed e-con e-parent\" data-id=\"1134968\" data-element_type=\"container\">\n\t\t\t\t\t<div class=\"e-con-inner\">\n\t\t\t\t<div class=\"elementor-element elementor-element-845a290 elementor-widget elementor-widget-heading\" data-id=\"845a290\" data-element_type=\"widget\" data-widget_type=\"heading.default\">\n\t\t\t\t<div class=\"elementor-widget-container\">\n\t\t\t<h2 class=\"elementor-heading-title elementor-size-default\">Tao.2024-25.<\/h2>\t\t<\/div>\n\t\t\t\t<\/div>\n\t\t\t\t<div class=\"elementor-element elementor-element-f56288e elementor-widget elementor-widget-text-editor\" data-id=\"f56288e\" data-element_type=\"widget\" data-widget_type=\"text-editor.default\">\n\t\t\t\t<div class=\"elementor-widget-container\">\n\t\t\t\t\t\t\t<p><strong>Hat\u00e1rozat<\/strong>\u00a0Megtekinthet\u0151 \u00e9s let\u00f6lthet\u0151\u00a0<a href=\"http:\/\/palocfarkasok.hu\/wp-content\/uploads\/2024\/05\/sfp_jh_000_12764_2024_mksz_2024-05-02_1714656916_1714720388.pdf\">ide kattintva<\/a>.<\/p><p><strong>K\u00f6lts\u00e9gterv<\/strong>\u00a0Megtekinthet\u0151 \u00e9s let\u00f6lthet\u0151\u00a0<a href=\"http:\/\/palocfarkasok.hu\/wp-content\/uploads\/2024\/05\/SFP-piszkozat.pdf\">ide kattintva<\/a>.<\/p>\t\t\t\t\t\t<\/div>\n\t\t\t\t<\/div>\n\t\t\t\t<div class=\"elementor-element elementor-element-e54b49a elementor-widget-divider--view-line elementor-widget elementor-widget-divider\" data-id=\"e54b49a\" data-element_type=\"widget\" data-widget_type=\"divider.default\">\n\t\t\t\t<div class=\"elementor-widget-container\">\n\t\t\t\t\t<div class=\"elementor-divider\">\n\t\t\t<span class=\"elementor-divider-separator\">\n\t\t\t\t\t\t<\/span>\n\t\t<\/div>\n\t\t\t\t<\/div>\n\t\t\t\t<\/div>\n\t\t\t\t\t<\/div>\n\t\t\t\t<\/div>\n\t\t<div class=\"elementor-element elementor-element-aefe375 e-flex e-con-boxed e-con e-parent\" data-id=\"aefe375\" data-element_type=\"container\">\n\t\t\t\t\t<div class=\"e-con-inner\">\n\t\t\t\t<div class=\"elementor-element elementor-element-6565bc9 elementor-widget elementor-widget-heading\" data-id=\"6565bc9\" data-element_type=\"widget\" data-widget_type=\"heading.default\">\n\t\t\t\t<div class=\"elementor-widget-container\">\n\t\t\t<h2 class=\"elementor-heading-title elementor-size-default\">Tao.2023-24.<\/h2>\t\t<\/div>\n\t\t\t\t<\/div>\n\t\t\t\t<div class=\"elementor-element elementor-element-dfbd462 elementor-widget elementor-widget-text-editor\" data-id=\"dfbd462\" data-element_type=\"widget\" data-widget_type=\"text-editor.default\">\n\t\t\t\t<div class=\"elementor-widget-container\">\n\t\t\t\t\t\t\t<p><strong>Hat\u00e1rozat<\/strong>\u00a0Megtekinthet\u0151 \u00e9s let\u00f6lthet\u0151\u00a0<a href=\"http:\/\/palocfarkasok.hu\/wp-content\/uploads\/2024\/01\/sfp_jh_000_11764_2023_mksz_2023-11-08_1699432235_1699620126.pdf\">ide kattintva<\/a>.<\/p><p><strong>K\u00f6lts\u00e9gterv<\/strong>\u00a0Megtekinthet\u0151 \u00e9s let\u00f6lthet\u0151\u00a0<a href=\"http:\/\/palocfarkasok.hu\/wp-content\/uploads\/2024\/01\/SFP-jvh-ott.pdf\">ide kattintva<\/a>.<\/p>\t\t\t\t\t\t<\/div>\n\t\t\t\t<\/div>\n\t\t\t\t<div class=\"elementor-element elementor-element-325f2f1 elementor-widget-divider--view-line elementor-widget elementor-widget-divider\" data-id=\"325f2f1\" data-element_type=\"widget\" data-widget_type=\"divider.default\">\n\t\t\t\t<div class=\"elementor-widget-container\">\n\t\t\t\t\t<div class=\"elementor-divider\">\n\t\t\t<span class=\"elementor-divider-separator\">\n\t\t\t\t\t\t<\/span>\n\t\t<\/div>\n\t\t\t\t<\/div>\n\t\t\t\t<\/div>\n\t\t\t\t\t<\/div>\n\t\t\t\t<\/div>\n\t\t\t\t<\/div>\n\t\t","protected":false},"excerpt":{"rendered":"<p>Tao.2025-26. Hat\u00e1rozat\u00a0Megtekinthet\u0151 \u00e9s let\u00f6lthet\u0151\u00a0ide kattintva. K\u00f6lts\u00e9gterv\u00a0Megtekinthet\u0151 \u00e9s let\u00f6lthet\u0151\u00a0ide kattintva. Tao.2024-25. Hat\u00e1rozat\u00a0Megtekinthet\u0151 \u00e9s let\u00f6lthet\u0151\u00a0ide kattintva. K\u00f6lts\u00e9gterv\u00a0Megtekinthet\u0151 \u00e9s let\u00f6lthet\u0151\u00a0ide kattintva. Tao.2023-24. Hat\u00e1rozat\u00a0Megtekinthet\u0151 \u00e9s let\u00f6lthet\u0151\u00a0ide kattintva. K\u00f6lts\u00e9gterv\u00a0Megtekinthet\u0151 \u00e9s let\u00f6lthet\u0151\u00a0ide kattintva.<\/p>\n","protected":false},"author":1,"featured_media":0,"parent":0,"menu_order":0,"comment_status":"closed","ping_status":"closed","template":"","meta":{"_regular_price":[],"currency_symbol":[],"footnotes":""},"class_list":["post-918","page","type-page","status-publish","hentry"],"post_slider_layout_featured_media_urls":{"thumbnail":"","post_slider_layout_landscape_large":"","post_slider_layout_portrait_large":"","post_slider_layout_square_large":"","post_slider_layout_landscape":"","post_slider_layout_portrait":"","post_slider_layout_square":"","full":""},"_links":{"self":[{"href":"http:\/\/palocfarkasok.hu\/index.php?rest_route=\/wp\/v2\/pages\/918","targetHints":{"allow":["GET"]}}],"collection":[{"href":"http:\/\/palocfarkasok.hu\/index.php?rest_route=\/wp\/v2\/pages"}],"about":[{"href":"http:\/\/palocfarkasok.hu\/index.php?rest_route=\/wp\/v2\/types\/page"}],"author":[{"embeddable":true,"href":"http:\/\/palocfarkasok.hu\/index.php?rest_route=\/wp\/v2\/users\/1"}],"replies":[{"embeddable":true,"href":"http:\/\/palocfarkasok.hu\/index.php?rest_route=%2Fwp%2Fv2%2Fcomments&post=918"}],"version-history":[{"count":16,"href":"http:\/\/palocfarkasok.hu\/index.php?rest_route=\/wp\/v2\/pages\/918\/revisions"}],"predecessor-version":[{"id":1271,"href":"http:\/\/palocfarkasok.hu\/index.php?rest_route=\/wp\/v2\/pages\/918\/revisions\/1271"}],"wp:attachment":[{"href":"http:\/\/palocfarkasok.hu\/index.php?rest_route=%2Fwp%2Fv2%2Fmedia&parent=918"}],"curies":[{"name":"wp","href":"https:\/\/api.w.org\/{rel}","templated":true}]}}