{"id":925,"date":"2024-01-18T13:53:31","date_gmt":"2024-01-18T12:53:31","guid":{"rendered":"http:\/\/palocfarkasok.hu\/?page_id=925"},"modified":"2024-01-18T13:55:32","modified_gmt":"2024-01-18T12:55:32","slug":"labdarugas-tao","status":"publish","type":"page","link":"http:\/\/palocfarkasok.hu\/?page_id=925","title":{"rendered":"LABDAR\u00daG\u00c1S TAO"},"content":{"rendered":"\t\t<div data-elementor-type=\"wp-page\" data-elementor-id=\"925\" class=\"elementor elementor-925\">\n\t\t\t\t<div class=\"elementor-element elementor-element-c1aded4 e-flex e-con-boxed e-con e-parent\" data-id=\"c1aded4\" data-element_type=\"container\">\n\t\t\t\t\t<div class=\"e-con-inner\">\n\t\t\t\t<div class=\"elementor-element elementor-element-e1aaac9 elementor-widget elementor-widget-heading\" data-id=\"e1aaac9\" data-element_type=\"widget\" data-widget_type=\"heading.default\">\n\t\t\t\t<div class=\"elementor-widget-container\">\n\t\t\t<h2 class=\"elementor-heading-title elementor-size-default\">Tao.2023-24.<\/h2>\t\t<\/div>\n\t\t\t\t<\/div>\n\t\t\t\t<div class=\"elementor-element elementor-element-1e465ef elementor-widget elementor-widget-text-editor\" data-id=\"1e465ef\" data-element_type=\"widget\" data-widget_type=\"text-editor.default\">\n\t\t\t\t<div class=\"elementor-widget-container\">\n\t\t\t\t\t\t\t<p><strong>Hat\u00e1rozat<\/strong>\u00a0Megtekinthet\u0151 \u00e9s let\u00f6lthet\u0151\u00a0<a href=\"http:\/\/palocfarkasok.hu\/wp-content\/uploads\/2024\/01\/sfp-hatarozat-2023-24pdf.pdf\">ide kattintva<\/a>.<\/p><p><strong>K\u00f6lts\u00e9gterv<\/strong>\u00a0Megtekinthet\u0151 \u00e9s let\u00f6lthet\u0151\u00a0<a href=\"http:\/\/palocfarkasok.hu\/wp-content\/uploads\/2024\/01\/sportfejlesztesi-program-2023-24pdf.pdf\">ide kattintva<\/a>.<\/p>\t\t\t\t\t\t<\/div>\n\t\t\t\t<\/div>\n\t\t\t\t<div class=\"elementor-element elementor-element-d2f6779 elementor-widget-divider--view-line elementor-widget elementor-widget-divider\" data-id=\"d2f6779\" data-element_type=\"widget\" data-widget_type=\"divider.default\">\n\t\t\t\t<div class=\"elementor-widget-container\">\n\t\t\t\t\t<div class=\"elementor-divider\">\n\t\t\t<span class=\"elementor-divider-separator\">\n\t\t\t\t\t\t<\/span>\n\t\t<\/div>\n\t\t\t\t<\/div>\n\t\t\t\t<\/div>\n\t\t\t\t<div class=\"elementor-element elementor-element-5c09958 elementor-widget elementor-widget-heading\" data-id=\"5c09958\" data-element_type=\"widget\" data-widget_type=\"heading.default\">\n\t\t\t\t<div class=\"elementor-widget-container\">\n\t\t\t<h2 class=\"elementor-heading-title elementor-size-default\">Tao.2022-23.<\/h2>\t\t<\/div>\n\t\t\t\t<\/div>\n\t\t\t\t<div class=\"elementor-element elementor-element-383de54 elementor-widget elementor-widget-text-editor\" data-id=\"383de54\" data-element_type=\"widget\" data-widget_type=\"text-editor.default\">\n\t\t\t\t<div class=\"elementor-widget-container\">\n\t\t\t\t\t\t\t<p><strong>Hat\u00e1rozat<\/strong>\u00a0Megtekinthet\u0151 \u00e9s let\u00f6lthet\u0151\u00a0<a href=\"http:\/\/palocfarkasok.hu\/wp-content\/uploads\/2024\/01\/sfp-hatarozat-modii-2022-23.pdf\">ide kattintva<\/a>.<\/p><p><strong>K\u00f6lts\u00e9gterv<\/strong>\u00a0Megtekinthet\u0151 \u00e9s let\u00f6lthet\u0151\u00a0<a href=\"http:\/\/palocfarkasok.hu\/wp-content\/uploads\/2024\/01\/sportfejlesztesi-program-modi-22-23pdf.pdf\">ide kattintva<\/a>.<\/p>\t\t\t\t\t\t<\/div>\n\t\t\t\t<\/div>\n\t\t\t\t\t<\/div>\n\t\t\t\t<\/div>\n\t\t\t\t<\/div>\n\t\t","protected":false},"excerpt":{"rendered":"<p>Tao.2023-24. Hat\u00e1rozat\u00a0Megtekinthet\u0151 \u00e9s let\u00f6lthet\u0151\u00a0ide kattintva. K\u00f6lts\u00e9gterv\u00a0Megtekinthet\u0151 \u00e9s let\u00f6lthet\u0151\u00a0ide kattintva. Tao.2022-23. Hat\u00e1rozat\u00a0Megtekinthet\u0151 \u00e9s let\u00f6lthet\u0151\u00a0ide kattintva. K\u00f6lts\u00e9gterv\u00a0Megtekinthet\u0151 \u00e9s let\u00f6lthet\u0151\u00a0ide kattintva.<\/p>\n","protected":false},"author":1,"featured_media":0,"parent":0,"menu_order":0,"comment_status":"closed","ping_status":"closed","template":"","meta":{"_regular_price":[],"currency_symbol":[],"footnotes":""},"class_list":["post-925","page","type-page","status-publish","hentry"],"post_slider_layout_featured_media_urls":{"thumbnail":"","post_slider_layout_landscape_large":"","post_slider_layout_portrait_large":"","post_slider_layout_square_large":"","post_slider_layout_landscape":"","post_slider_layout_portrait":"","post_slider_layout_square":"","full":""},"_links":{"self":[{"href":"http:\/\/palocfarkasok.hu\/index.php?rest_route=\/wp\/v2\/pages\/925","targetHints":{"allow":["GET"]}}],"collection":[{"href":"http:\/\/palocfarkasok.hu\/index.php?rest_route=\/wp\/v2\/pages"}],"about":[{"href":"http:\/\/palocfarkasok.hu\/index.php?rest_route=\/wp\/v2\/types\/page"}],"author":[{"embeddable":true,"href":"http:\/\/palocfarkasok.hu\/index.php?rest_route=\/wp\/v2\/users\/1"}],"replies":[{"embeddable":true,"href":"http:\/\/palocfarkasok.hu\/index.php?rest_route=%2Fwp%2Fv2%2Fcomments&post=925"}],"version-history":[{"count":4,"href":"http:\/\/palocfarkasok.hu\/index.php?rest_route=\/wp\/v2\/pages\/925\/revisions"}],"predecessor-version":[{"id":936,"href":"http:\/\/palocfarkasok.hu\/index.php?rest_route=\/wp\/v2\/pages\/925\/revisions\/936"}],"wp:attachment":[{"href":"http:\/\/palocfarkasok.hu\/index.php?rest_route=%2Fwp%2Fv2%2Fmedia&parent=925"}],"curies":[{"name":"wp","href":"https:\/\/api.w.org\/{rel}","templated":true}]}}